{"id":926,"date":"2017-03-02T14:16:07","date_gmt":"2017-03-02T14:16:07","guid":{"rendered":"http:\/\/www.vergerbois-francs.com\/verger\/?page_id=926"},"modified":"2018-04-21T17:18:25","modified_gmt":"2018-04-21T17:18:25","slug":"ambrosia","status":"publish","type":"page","link":"https:\/\/www.vergerbois-francs.com\/verger\/ambrosia\/","title":{"rendered":"Ambrosia"},"content":{"rendered":"<div class=\"row row-edge row-style-light  \" >\n<div class=\"col-md-6 col-xs-offset-0 col-sm-offset-0 col-md-offset-0 col-lg-offset-0 col-xs-pull-0 col-sm-pull-0 col-md-pull-0 col-lg-pull-0 col-xs-push-0 col-sm-push-0 col-md-push-0 col-lg-push-0\">\n<div class=\"motopress-image-obj motopress-text-align-center\"><img decoding=\"async\" src=\"https:\/\/www.vergerbois-francs.com\/verger\/wp-content\/uploads\/2017\/02\/ambro-300x300.jpg\" title=\"ambro\" alt=\"ambro\" class=\"motopress-image-obj-basic mpce-dsbl-margin-left mpce-dsbl-margin-right mpce-dsbl-margin-top mpce-dsbl-margin-bottom\" \/><\/div>\n<\/div>\n<div class=\"col-md-6 col-xs-offset-0 col-sm-offset-0 col-md-offset-0 col-lg-offset-0 col-xs-pull-0 col-sm-pull-0 col-md-pull-0 col-lg-pull-0 col-xs-push-0 col-sm-push-0 col-md-push-0 col-lg-push-0\">\n<div class=\"row row-edge row-style-none  \" >\n<div class=\"col-md-12 col-xs-offset-0 col-sm-offset-0 col-md-offset-0 col-lg-offset-0 col-xs-pull-0 col-sm-pull-0 col-md-pull-0 col-lg-pull-0 col-xs-push-0 col-sm-push-0 col-md-push-0 col-lg-push-0\">\n<div class=\"motopress-text-obj\">\n<h2>Ambrosia<\/h2>\n<\/div>\n<\/div>\n<\/div>\n<div class=\"row row-edge row-style-none  \" >\n<div class=\"col-md-12 col-xs-offset-0 col-sm-offset-0 col-md-offset-0 col-lg-offset-0 col-xs-pull-0 col-sm-pull-0 col-md-pull-0 col-lg-pull-0 col-xs-push-0 col-sm-push-0 col-md-push-0 col-lg-push-0\">\n<div class=\"motopress-code-obj\">\n<p><strong>Disponibilit\u00e9 en kiosque :<\/strong> Octobre \u00e0\u00a0Janvier<\/p>\n<p><strong>Caract\u00e9ristiques :<\/strong>\u00a0Sucr\u00e9e, tr\u00e8s tr\u00e8s croquante, go\u00fbt de poire<\/p>\n<p><strong>Conservation au frigo :<\/strong> 3 \u00e0 4 semaines<\/p>\n<p><strong>Cuisson :<\/strong>\u00a0salade<\/p>\n<\/div>\n<\/div>\n<\/div>\n<div class=\"row row-edge row-style-none  \" >\n<div class=\"col-md-12 col-xs-offset-0 col-sm-offset-0 col-md-offset-0 col-lg-offset-0 col-xs-pull-0 col-sm-pull-0 col-md-pull-0 col-lg-pull-0 col-xs-push-0 col-sm-push-0 col-md-push-0 col-lg-push-0\">\n<div class=\"motopress-image-obj motopress-text-align-center\"><img decoding=\"async\" src=\"https:\/\/www.vergerbois-francs.com\/verger\/wp-content\/uploads\/2017\/02\/tlambrosia.png\" title=\"tlambrosia\" alt=\"tlambrosia\" class=\"motopress-image-obj-basic mpce-dsbl-margin-left mpce-dsbl-margin-right mpce-dsbl-margin-top mpce-dsbl-margin-bottom\" \/><\/div>\n<\/div>\n<\/div>\n<\/div>\n<\/div>\n<div class=\"row row-edge row-style-none  \" >\n<div class=\"col-md-12 col-xs-offset-0 col-sm-offset-0 col-md-offset-0 col-lg-offset-0 col-xs-pull-0 col-sm-pull-0 col-md-pull-0 col-lg-pull-0 col-xs-push-0 col-sm-push-0 col-md-push-0 col-lg-push-0\">\n<div class=\"cherry-spacer   hidden-xs hidden-sm\" style=\"height:40px;\"><\/div><div class=\"cherry-spacer   visible-sm-block\" style=\"height:20px;\"><\/div><div class=\"cherry-spacer   visible-xs-block\" style=\"height:20px;\"><\/div>\n<\/div>\n<\/div>\n","protected":false},"excerpt":{"rendered":"","protected":false},"author":1,"featured_media":1041,"parent":0,"menu_order":0,"comment_status":"closed","ping_status":"closed","template":"","meta":{"footnotes":""},"_links":{"self":[{"href":"https:\/\/www.vergerbois-francs.com\/verger\/wp-json\/wp\/v2\/pages\/926"}],"collection":[{"href":"https:\/\/www.vergerbois-francs.com\/verger\/wp-json\/wp\/v2\/pages"}],"about":[{"href":"https:\/\/www.vergerbois-francs.com\/verger\/wp-json\/wp\/v2\/types\/page"}],"author":[{"embeddable":true,"href":"https:\/\/www.vergerbois-francs.com\/verger\/wp-json\/wp\/v2\/users\/1"}],"replies":[{"embeddable":true,"href":"https:\/\/www.vergerbois-francs.com\/verger\/wp-json\/wp\/v2\/comments?post=926"}],"version-history":[{"count":6,"href":"https:\/\/www.vergerbois-francs.com\/verger\/wp-json\/wp\/v2\/pages\/926\/revisions"}],"predecessor-version":[{"id":1132,"href":"https:\/\/www.vergerbois-francs.com\/verger\/wp-json\/wp\/v2\/pages\/926\/revisions\/1132"}],"wp:featuredmedia":[{"embeddable":true,"href":"https:\/\/www.vergerbois-francs.com\/verger\/wp-json\/wp\/v2\/media\/1041"}],"wp:attachment":[{"href":"https:\/\/www.vergerbois-francs.com\/verger\/wp-json\/wp\/v2\/media?parent=926"}],"curies":[{"name":"wp","href":"https:\/\/api.w.org\/{rel}","templated":true}]}}