{"id":923,"date":"2017-03-13T14:14:10","date_gmt":"2017-03-13T14:14:10","guid":{"rendered":"http:\/\/www.vergerbois-francs.com\/verger\/?page_id=923"},"modified":"2018-04-21T17:15:15","modified_gmt":"2018-04-21T17:15:15","slug":"melba","status":"publish","type":"page","link":"https:\/\/www.vergerbois-francs.com\/verger\/melba\/","title":{"rendered":"Melba"},"content":{"rendered":"<div class=\"row row-edge row-style-light  \" >\n<div class=\"col-md-6 col-xs-offset-0 col-sm-offset-0 col-md-offset-0 col-lg-offset-0 col-xs-pull-0 col-sm-pull-0 col-md-pull-0 col-lg-pull-0 col-xs-push-0 col-sm-push-0 col-md-push-0 col-lg-push-0\">\n<div class=\"motopress-image-obj motopress-text-align-center\"><img decoding=\"async\" src=\"https:\/\/www.vergerbois-francs.com\/verger\/wp-content\/uploads\/2017\/02\/Fotolia_55721270_S-300x300.jpg\" title=\"Apple with leaves\" alt=\"Apple with leaves\" class=\"motopress-image-obj-basic mpce-dsbl-margin-left mpce-dsbl-margin-right mpce-dsbl-margin-top mpce-dsbl-margin-bottom\" \/><\/div>\n<\/div>\n<div class=\"col-md-6 col-xs-offset-0 col-sm-offset-0 col-md-offset-0 col-lg-offset-0 col-xs-pull-0 col-sm-pull-0 col-md-pull-0 col-lg-pull-0 col-xs-push-0 col-sm-push-0 col-md-push-0 col-lg-push-0\">\n<div class=\"row row-edge row-style-none  \" >\n<div class=\"col-md-12 col-xs-offset-0 col-sm-offset-0 col-md-offset-0 col-lg-offset-0 col-xs-pull-0 col-sm-pull-0 col-md-pull-0 col-lg-pull-0 col-xs-push-0 col-sm-push-0 col-md-push-0 col-lg-push-0\">\n<div class=\"motopress-text-obj\">\n<h2>melba<\/h2>\n<\/div>\n<\/div>\n<\/div>\n<div class=\"row row-edge row-style-none  \" >\n<div class=\"col-md-12 col-xs-offset-0 col-sm-offset-0 col-md-offset-0 col-lg-offset-0 col-xs-pull-0 col-sm-pull-0 col-md-pull-0 col-lg-pull-0 col-xs-push-0 col-sm-push-0 col-md-push-0 col-lg-push-0\">\n<div class=\"motopress-code-obj\">\n<p><strong>Disponibilit\u00e9 en kiosque :<\/strong>\u00a0d\u00e9but \u00e0 ao\u00fbt \u00e0 d\u00e9but Septembre<\/p>\n<p><strong>Caract\u00e9ristiques :<\/strong>\u00a0peu sucr\u00e9e, semi croquante, peu juteuse<\/p>\n<p><strong>Conservation au frigo :<\/strong>\u00a010 \u00e0 15 jours<\/p>\n<p><strong>Cuisson :<\/strong> compote<\/p>\n<\/div>\n<\/div>\n<\/div>\n<div class=\"row row-edge row-style-none  \" >\n<div class=\"col-md-12 col-xs-offset-0 col-sm-offset-0 col-md-offset-0 col-lg-offset-0 col-xs-pull-0 col-sm-pull-0 col-md-pull-0 col-lg-pull-0 col-xs-push-0 col-sm-push-0 col-md-push-0 col-lg-push-0\">\n<div class=\"motopress-image-obj motopress-text-align-left\"><img decoding=\"async\" src=\"https:\/\/www.vergerbois-francs.com\/verger\/wp-content\/uploads\/2017\/02\/tlmelba.png\" title=\"tlmelba\" alt=\"tlmelba\" class=\"motopress-image-obj-basic mpce-dsbl-margin-left mpce-dsbl-margin-right mpce-dsbl-margin-top mpce-dsbl-margin-bottom\" \/><\/div>\n<\/div>\n<\/div>\n<\/div>\n<\/div>\n<div class=\"row row-edge row-style-none  \" >\n<div class=\"col-md-12 col-xs-offset-0 col-sm-offset-0 col-md-offset-0 col-lg-offset-0 col-xs-pull-0 col-sm-pull-0 col-md-pull-0 col-lg-pull-0 col-xs-push-0 col-sm-push-0 col-md-push-0 col-lg-push-0\">\n<div class=\"cherry-spacer   hidden-xs hidden-sm\" style=\"height:20px;\"><\/div><div class=\"cherry-spacer   visible-sm-block\" style=\"height:20px;\"><\/div><div class=\"cherry-spacer   visible-xs-block\" style=\"height:20px;\"><\/div>\n<\/div>\n<\/div>\n","protected":false},"excerpt":{"rendered":"","protected":false},"author":1,"featured_media":1029,"parent":0,"menu_order":0,"comment_status":"closed","ping_status":"closed","template":"","meta":{"footnotes":""},"_links":{"self":[{"href":"https:\/\/www.vergerbois-francs.com\/verger\/wp-json\/wp\/v2\/pages\/923"}],"collection":[{"href":"https:\/\/www.vergerbois-francs.com\/verger\/wp-json\/wp\/v2\/pages"}],"about":[{"href":"https:\/\/www.vergerbois-francs.com\/verger\/wp-json\/wp\/v2\/types\/page"}],"author":[{"embeddable":true,"href":"https:\/\/www.vergerbois-francs.com\/verger\/wp-json\/wp\/v2\/users\/1"}],"replies":[{"embeddable":true,"href":"https:\/\/www.vergerbois-francs.com\/verger\/wp-json\/wp\/v2\/comments?post=923"}],"version-history":[{"count":5,"href":"https:\/\/www.vergerbois-francs.com\/verger\/wp-json\/wp\/v2\/pages\/923\/revisions"}],"predecessor-version":[{"id":1130,"href":"https:\/\/www.vergerbois-francs.com\/verger\/wp-json\/wp\/v2\/pages\/923\/revisions\/1130"}],"wp:featuredmedia":[{"embeddable":true,"href":"https:\/\/www.vergerbois-francs.com\/verger\/wp-json\/wp\/v2\/media\/1029"}],"wp:attachment":[{"href":"https:\/\/www.vergerbois-francs.com\/verger\/wp-json\/wp\/v2\/media?parent=923"}],"curies":[{"name":"wp","href":"https:\/\/api.w.org\/{rel}","templated":true}]}}