{"id":895,"date":"2017-03-06T22:12:34","date_gmt":"2017-03-06T22:12:34","guid":{"rendered":"http:\/\/www.vergerbois-francs.com\/verger\/?page_id=895"},"modified":"2017-10-15T22:13:44","modified_gmt":"2017-10-15T22:13:44","slug":"royal-gala","status":"publish","type":"page","link":"https:\/\/www.vergerbois-francs.com\/verger\/royal-gala\/","title":{"rendered":"Royal Gala"},"content":{"rendered":"<div class=\"row row-edge row-style-light  \" >\n<div class=\"col-md-6 col-xs-offset-0 col-sm-offset-0 col-md-offset-0 col-lg-offset-0 col-xs-pull-0 col-sm-pull-0 col-md-pull-0 col-lg-pull-0 col-xs-push-0 col-sm-push-0 col-md-push-0 col-lg-push-0\">\n<div class=\"motopress-image-obj motopress-text-align-left\"><img decoding=\"async\" src=\"https:\/\/www.vergerbois-francs.com\/verger\/wp-content\/uploads\/2017\/02\/royalgala_crop.jpg\" title=\"royalgala_crop\" alt=\"royalgala_crop\" class=\"motopress-image-obj-basic mpce-dsbl-margin-left mpce-dsbl-margin-right mpce-dsbl-margin-top mpce-dsbl-margin-bottom\" \/><\/div>\n<\/div>\n<div class=\"col-md-6 col-xs-offset-0 col-sm-offset-0 col-md-offset-0 col-lg-offset-0 col-xs-pull-0 col-sm-pull-0 col-md-pull-0 col-lg-pull-0 col-xs-push-0 col-sm-push-0 col-md-push-0 col-lg-push-0\">\n<div class=\"row row-edge row-style-none  \" >\n<div class=\"col-md-12 col-xs-offset-0 col-sm-offset-0 col-md-offset-0 col-lg-offset-0 col-xs-pull-0 col-sm-pull-0 col-md-pull-0 col-lg-pull-0 col-xs-push-0 col-sm-push-0 col-md-push-0 col-lg-push-0\">\n<div class=\"motopress-text-obj\">\n<h2>Royal Gala<\/h2>\n<\/div>\n<\/div>\n<\/div>\n<div class=\"row row-edge row-style-none  \" >\n<div class=\"col-md-12 col-xs-offset-0 col-sm-offset-0 col-md-offset-0 col-lg-offset-0 col-xs-pull-0 col-sm-pull-0 col-md-pull-0 col-lg-pull-0 col-xs-push-0 col-sm-push-0 col-md-push-0 col-lg-push-0\">\n<div class=\"motopress-code-obj\">\n<p><strong>Disponibilit\u00e9 en kiosque :<\/strong>\u00a0Fin Septembre \u00e0 &#8230;<\/p>\n<p><strong>Caract\u00e9ristiques :<\/strong>\u00a0Tr\u00e8s sucr\u00e9e, tr\u00e8s croquante, go\u00fbt de poire<\/p>\n<p><strong>Conservation au frigo :<\/strong> 3 \u00e0 4 semaines<\/p>\n<p><strong>Cuisson :<\/strong>\u00a0salade<\/p>\n<\/div>\n<\/div>\n<\/div>\n<\/div>\n<\/div>\n","protected":false},"excerpt":{"rendered":"","protected":false},"author":1,"featured_media":798,"parent":0,"menu_order":0,"comment_status":"closed","ping_status":"closed","template":"","meta":{"footnotes":""},"_links":{"self":[{"href":"https:\/\/www.vergerbois-francs.com\/verger\/wp-json\/wp\/v2\/pages\/895"}],"collection":[{"href":"https:\/\/www.vergerbois-francs.com\/verger\/wp-json\/wp\/v2\/pages"}],"about":[{"href":"https:\/\/www.vergerbois-francs.com\/verger\/wp-json\/wp\/v2\/types\/page"}],"author":[{"embeddable":true,"href":"https:\/\/www.vergerbois-francs.com\/verger\/wp-json\/wp\/v2\/users\/1"}],"replies":[{"embeddable":true,"href":"https:\/\/www.vergerbois-francs.com\/verger\/wp-json\/wp\/v2\/comments?post=895"}],"version-history":[{"count":3,"href":"https:\/\/www.vergerbois-francs.com\/verger\/wp-json\/wp\/v2\/pages\/895\/revisions"}],"predecessor-version":[{"id":915,"href":"https:\/\/www.vergerbois-francs.com\/verger\/wp-json\/wp\/v2\/pages\/895\/revisions\/915"}],"wp:featuredmedia":[{"embeddable":true,"href":"https:\/\/www.vergerbois-francs.com\/verger\/wp-json\/wp\/v2\/media\/798"}],"wp:attachment":[{"href":"https:\/\/www.vergerbois-francs.com\/verger\/wp-json\/wp\/v2\/media?parent=895"}],"curies":[{"name":"wp","href":"https:\/\/api.w.org\/{rel}","templated":true}]}}