{"id":814,"date":"2017-02-15T13:30:54","date_gmt":"2017-02-15T13:30:54","guid":{"rendered":"http:\/\/www.vergerbois-francs.com\/verger\/?page_id=814"},"modified":"2023-03-08T14:29:21","modified_gmt":"2023-03-08T19:29:21","slug":"producteur-emballeur-grossiste","status":"publish","type":"page","link":"https:\/\/www.vergerbois-francs.com\/verger\/producteur-emballeur-grossiste\/","title":{"rendered":"Producteur\/Emballeur"},"content":{"rendered":"<div class=\"row row-edge row-style-none  \" >\n<div class=\"col-md-12 col-xs-offset-0 col-sm-offset-0 col-md-offset-0 col-lg-offset-0 col-xs-pull-0 col-sm-pull-0 col-md-pull-0 col-lg-pull-0 col-xs-push-0 col-sm-push-0 col-md-push-0 col-lg-push-0\">\n<div class=\"row row-edge row-style-none  \" >\n<div class=\"col-md-12 col-xs-offset-0 col-sm-offset-0 col-md-offset-0 col-lg-offset-0 col-xs-pull-0 col-sm-pull-0 col-md-pull-0 col-lg-pull-0 col-xs-push-0 col-sm-push-0 col-md-push-0 col-lg-push-0\">\n<div class=\"motopress-text-obj motopress-margin-top-20\">\n<h2>Production<\/h2>\n<\/div>\n<\/div>\n<\/div>\n<div class=\"row row-edge row-style-none  \" >\n<div class=\"col-md-12 col-xs-offset-0 col-sm-offset-0 col-md-offset-0 col-lg-offset-0 col-xs-pull-0 col-sm-pull-0 col-md-pull-0 col-lg-pull-0 col-xs-push-0 col-sm-push-0 col-md-push-0 col-lg-push-0\">\n<div class=\"motopress-text-obj\">\n<h4><img loading=\"lazy\" decoding=\"async\" class=\"aligncenter wp-image-1275 size-full\" src=\"http:\/\/www.vergerbois-francs.com\/verger\/wp-content\/uploads\/2023\/03\/spartan.jpeg\" alt=\"\" width=\"3024\" height=\"4032\" srcset=\"https:\/\/www.vergerbois-francs.com\/verger\/wp-content\/uploads\/2023\/03\/spartan.jpeg 3024w, https:\/\/www.vergerbois-francs.com\/verger\/wp-content\/uploads\/2023\/03\/spartan-225x300.jpeg 225w, https:\/\/www.vergerbois-francs.com\/verger\/wp-content\/uploads\/2023\/03\/spartan-768x1024.jpeg 768w\" sizes=\"(max-width: 3024px) 100vw, 3024px\" \/><\/h4>\n<h4>Pommes<\/h4>\n<\/div>\n<\/div>\n<\/div>\n<\/div>\n<\/div>\n<div class=\"row row-edge row-style-none  \" >\n<div class=\"col-md-12 col-xs-offset-0 col-sm-offset-0 col-md-offset-0 col-lg-offset-0 col-xs-pull-0 col-sm-pull-0 col-md-pull-0 col-lg-pull-0 col-xs-push-0 col-sm-push-0 col-md-push-0 col-lg-push-0\">\n<div class=\"motopress-list-obj motopress-list-obj-basic \">\n<ul class=\"motopress-list-type-icon\">\n<li><i  class=\"fa fa-apple\"><\/i>350 acres de verger<\/li>\n<li><i  class=\"fa fa-apple\"><\/i>plus de 100 000 pommiers en production et en plantation<\/li>\n<li><i  class=\"fa fa-apple\"><\/i>15 vari\u00e9t\u00e9s de pommes cultiv\u00e9es dans nos vergers<\/li>\n<li><i  class=\"fa fa-apple\"><\/i>Localis\u00e9 \u00e0 3 endroits : Princeville, Plessisville et St-Paul d&rsquo;Abbotsford<\/li>\n<li><i  class=\"fa fa-apple\"><\/i>Quantit\u00e9 annuelle de pommes produites : 7 millions de livres<\/li>\n<\/ul>\n<\/div>\n<\/div>\n<\/div>\n<div class=\"row row-edge row-style-none  \" >\n<div class=\"col-md-12 col-xs-offset-0 col-sm-offset-0 col-md-offset-0 col-lg-offset-0 col-xs-pull-0 col-sm-pull-0 col-md-pull-0 col-lg-pull-0 col-xs-push-0 col-sm-push-0 col-md-push-0 col-lg-push-0\">\n<div class=\"row row-edge row-style-none  \" >\n<div class=\"col-md-12 col-xs-offset-0 col-sm-offset-0 col-md-offset-0 col-lg-offset-0 col-xs-pull-0 col-sm-pull-0 col-md-pull-0 col-lg-pull-0 col-xs-push-0 col-sm-push-0 col-md-push-0 col-lg-push-0\">\n<div class=\"motopress-text-obj\">\n<h4>Poires<\/h4>\n<\/div>\n<\/div>\n<\/div>\n<div class=\"row row-edge row-style-none  \" >\n<div class=\"col-md-12 col-xs-offset-0 col-sm-offset-0 col-md-offset-0 col-lg-offset-0 col-xs-pull-0 col-sm-pull-0 col-md-pull-0 col-lg-pull-0 col-xs-push-0 col-sm-push-0 col-md-push-0 col-lg-push-0\">\n<div class=\"motopress-list-obj motopress-list-obj-basic \">\n<ul class=\"motopress-list-type-icon\">\n<li><i  class=\"fa fa-apple\"><\/i>La beaut\u00e9 Flamande est la principale vari\u00e9t\u00e9 de poire cultiv\u00e9e sur nos terres<\/li>\n<li><i  class=\"fa fa-apple\"><\/i>On peut la retrouver au Kiosque de Princeville<\/li>\n<\/ul>\n<\/div>\n<\/div>\n<\/div>\n<div class=\"row row-edge row-style-none  \" >\n<div class=\"col-md-12 col-xs-offset-0 col-sm-offset-0 col-md-offset-0 col-lg-offset-0 col-xs-pull-0 col-sm-pull-0 col-md-pull-0 col-lg-pull-0 col-xs-push-0 col-sm-push-0 col-md-push-0 col-lg-push-0\">\n<div id=\"cherry-posts-list-1\" class=\"cherry-posts-list template-posts_5 row fullwidth-posts mpce-prvt-814-5ac905f927e63\"><div class=\"cherry-posts-item col-xs-12 col-sm-12 col-md-4 col-lg-4 post-item item-0 odd\"><div class=\"inner cherry-clearfix\"><figure class=\"post-thumbnail\"><a href=\"https:\/\/www.vergerbois-francs.com\/verger\/wp-content\/uploads\/2017\/02\/13A-PRINCEVILLE.jpg\" title=\"princeville\" class=\"post-thumbnail_link cherry-popup-img popup-img\"><img loading=\"lazy\" decoding=\"async\" width=\"684\" height=\"520\" src=\"https:\/\/www.vergerbois-francs.com\/verger\/wp-content\/uploads\/2017\/02\/13A-PRINCEVILLE-684x520.jpg\" class=\"attachment-image-size-2 size-image-size-2 wp-post-image\" alt=\"\" \/><\/a><\/figure><\/div><\/div><div class=\"cherry-xs-clear cherry-sm-clear\"><\/div><!--\/.cherry-posts-item--><div class=\"cherry-posts-item col-xs-12 col-sm-12 col-md-4 col-lg-4 post-item item-1 even\"><div class=\"inner cherry-clearfix\"><figure class=\"post-thumbnail\"><a href=\"https:\/\/www.vergerbois-francs.com\/verger\/wp-content\/uploads\/2017\/02\/13C-ST-PAUL-DABBOTSFORD.jpg\" title=\"st-paul\" class=\"post-thumbnail_link cherry-popup-img popup-img\"><img loading=\"lazy\" decoding=\"async\" width=\"684\" height=\"520\" src=\"https:\/\/www.vergerbois-francs.com\/verger\/wp-content\/uploads\/2017\/02\/13C-ST-PAUL-DABBOTSFORD-684x520.jpg\" class=\"attachment-image-size-2 size-image-size-2 wp-post-image\" alt=\"\" \/><\/a><\/figure><\/div><\/div><div class=\"cherry-xs-clear cherry-sm-clear\"><\/div><!--\/.cherry-posts-item--><div class=\"cherry-posts-item col-xs-12 col-sm-12 col-md-4 col-lg-4 post-item item-2 odd\"><div class=\"inner cherry-clearfix\"><figure class=\"post-thumbnail\"><a href=\"https:\/\/www.vergerbois-francs.com\/verger\/wp-content\/uploads\/2017\/02\/13B-PLESSISVILLE.jpg\" title=\"plessisville\" class=\"post-thumbnail_link cherry-popup-img popup-img\"><img loading=\"lazy\" decoding=\"async\" width=\"684\" height=\"520\" src=\"https:\/\/www.vergerbois-francs.com\/verger\/wp-content\/uploads\/2017\/02\/13B-PLESSISVILLE-684x520.jpg\" class=\"attachment-image-size-2 size-image-size-2 wp-post-image\" alt=\"\" \/><\/a><\/figure><\/div><\/div><div class=\"cherry-xs-clear cherry-sm-clear cherry-md-clear cherry-lg-clear\"><\/div><!--\/.cherry-posts-item--><\/div><!--\/.cherry-posts-list-->\n<\/div>\n<\/div>\n<\/div>\n<\/div>\n<div class=\"row row-edge row-style-none  \" >\n<div class=\"col-md-12 col-xs-offset-0 col-sm-offset-0 col-md-offset-0 col-lg-offset-0 col-xs-pull-0 col-sm-pull-0 col-md-pull-0 col-lg-pull-0 col-xs-push-0 col-sm-push-0 col-md-push-0 col-lg-push-0\">\n<div class=\"motopress-text-obj motopress-margin-top-50\">\n<h2>Emballeur \/ grossiste<\/h2>\n<\/div>\n<\/div>\n<\/div>\n<div class=\"row row-edge row-style-light  \" >\n<div class=\"col-md-12 col-xs-offset-0 col-sm-offset-0 col-md-offset-0 col-lg-offset-0 col-xs-pull-0 col-sm-pull-0 col-md-pull-0 col-lg-pull-0 col-xs-push-0 col-sm-push-0 col-md-push-0 col-lg-push-0\">\n<div class=\"motopress-code-obj motopress-margin-top-20\">\n<p><img loading=\"lazy\" decoding=\"async\" class=\"aligncenter wp-image-1268 size-cherry-thumb-s\" src=\"http:\/\/www.vergerbois-francs.com\/verger\/wp-content\/uploads\/2023\/03\/1845-1170x382.jpeg\" alt=\"\" width=\"1170\" height=\"382\" \/><\/p>\n<p>Nous emballons et livrons plusieurs vari\u00e9t\u00e9s de pommes tout au long de l&rsquo;ann\u00e9e pour les \u00e9piceries et les centres de distributions.<\/p>\n<p>Auparavant nous emballions les pommes \u00e0 notre usine de Princeville. En 2019, nous avons construit un nouveau poste d&#8217;emballage de pommes \u00e0 St-Paul d&rsquo;Abbostford.\u00a0Nous\u00a0avons fait l&rsquo;acquisition d&rsquo;\u00e9quipements \u00e0 la fine pointe de la technologie.<\/p>\n<p>Entre autre, nous avons une cam\u00e9ra qui\u00a0rejette les pommes avec des d\u00e9fauts externes tels que des poques, des perforations, des piq\u00fbres d&rsquo;insectes et des d\u00e9g\u00e2ts de gr\u00eales. Elle fait \u00e9galement\u00a0le tri de la couleur et du calibre des pommes. En plus, elle \u00e9tiquette automatiquement un code PLU sur les pommes \u00e0 la demande du client.<\/p>\n<p>Nous avons aussi une autre cam\u00e9ra qui retire les pommes avec des d\u00e9fauts internes tels que le watercore, les coeurs bruns, etc.<\/p>\n<p>Enfin, le but de construire ce nouveau poste d&#8217;emballage \u00e9tait de pouvoir r\u00e9pondre \u00e0 la demande du client le plus rapidement possible tout en priorisant la qualit\u00e9. Nous avons donc fait l&rsquo;achat d&rsquo;une nouvelle emballeuse \u00e0 sac semi-automatique.<\/p>\n<\/div>\n<\/div>\n<\/div>\n<div class=\"row row-edge row-style-light  \" >\n<div class=\"col-md-12 col-xs-offset-0 col-sm-offset-0 col-md-offset-0 col-lg-offset-0 col-xs-pull-0 col-sm-pull-0 col-md-pull-0 col-lg-pull-0 col-xs-push-0 col-sm-push-0 col-md-push-0 col-lg-push-0\">\n<div class=\"row row-edge row-style-none  \" >\n<div class=\"col-md-12 col-xs-offset-0 col-sm-offset-0 col-md-offset-0 col-lg-offset-0 col-xs-pull-0 col-sm-pull-0 col-md-pull-0 col-lg-pull-0 col-xs-push-0 col-sm-push-0 col-md-push-0 col-lg-push-0\">\n<div class=\"cherry-spacer   hidden-xs hidden-sm\" style=\"height:41px;\"><\/div><div class=\"cherry-spacer   visible-sm-block\" style=\"height:20px;\"><\/div><div class=\"cherry-spacer   visible-xs-block\" style=\"height:20px;\"><\/div>\n<\/div>\n<\/div>\n<div class=\"row row-edge row-style-none  \" >\n<div class=\"col-md-12 col-xs-offset-0 col-sm-offset-0 col-md-offset-0 col-lg-offset-0 col-xs-pull-0 col-sm-pull-0 col-md-pull-0 col-lg-pull-0 col-xs-push-0 col-sm-push-0 col-md-push-0 col-lg-push-0\">\n<div class=\"motopress-code-obj motopress-margin-top-20\">\n<p><img loading=\"lazy\" decoding=\"async\" class=\"alignnone wp-image-1263 size-full\" src=\"http:\/\/www.vergerbois-francs.com\/verger\/wp-content\/uploads\/2023\/03\/Pomme.jpeg\" alt=\"\" width=\"2957\" height=\"3051\" srcset=\"https:\/\/www.vergerbois-francs.com\/verger\/wp-content\/uploads\/2023\/03\/Pomme.jpeg 2957w, https:\/\/www.vergerbois-francs.com\/verger\/wp-content\/uploads\/2023\/03\/Pomme-291x300.jpeg 291w, https:\/\/www.vergerbois-francs.com\/verger\/wp-content\/uploads\/2023\/03\/Pomme-768x792.jpeg 768w, https:\/\/www.vergerbois-francs.com\/verger\/wp-content\/uploads\/2023\/03\/Pomme-992x1024.jpeg 992w\" sizes=\"(max-width: 2957px) 100vw, 2957px\" \/><\/p>\n<p><img loading=\"lazy\" decoding=\"async\" class=\"alignright wp-image-1265 size-full\" src=\"http:\/\/www.vergerbois-francs.com\/verger\/wp-content\/uploads\/2023\/03\/Trieuse-optique.jpeg\" alt=\"\" width=\"4032\" height=\"3024\" srcset=\"https:\/\/www.vergerbois-francs.com\/verger\/wp-content\/uploads\/2023\/03\/Trieuse-optique.jpeg 4032w, https:\/\/www.vergerbois-francs.com\/verger\/wp-content\/uploads\/2023\/03\/Trieuse-optique-300x225.jpeg 300w, https:\/\/www.vergerbois-francs.com\/verger\/wp-content\/uploads\/2023\/03\/Trieuse-optique-768x576.jpeg 768w, https:\/\/www.vergerbois-francs.com\/verger\/wp-content\/uploads\/2023\/03\/Trieuse-optique-1024x768.jpeg 1024w\" sizes=\"(max-width: 4032px) 100vw, 4032px\" \/><\/p>\n<p><img loading=\"lazy\" decoding=\"async\" class=\"alignnone wp-image-1259 size-full\" src=\"http:\/\/www.vergerbois-francs.com\/verger\/wp-content\/uploads\/2023\/03\/Emballage.jpeg\" alt=\"\" width=\"4032\" height=\"3024\" srcset=\"https:\/\/www.vergerbois-francs.com\/verger\/wp-content\/uploads\/2023\/03\/Emballage.jpeg 4032w, https:\/\/www.vergerbois-francs.com\/verger\/wp-content\/uploads\/2023\/03\/Emballage-300x225.jpeg 300w, https:\/\/www.vergerbois-francs.com\/verger\/wp-content\/uploads\/2023\/03\/Emballage-768x576.jpeg 768w, https:\/\/www.vergerbois-francs.com\/verger\/wp-content\/uploads\/2023\/03\/Emballage-1024x768.jpeg 1024w\" sizes=\"(max-width: 4032px) 100vw, 4032px\" \/>Les pommes peuvent \u00eatre emball\u00e9es dans plusieurs formats :<\/p>\n<ul>\n<li>Sac de 3lb, 4lb, 5lb, 6lb, 8lb, 10lb<\/li>\n<li>En vrac<\/li>\n<li>Panier de 3 litres et 7 litres<\/li>\n<li>1\/4 ben &#8211; 1\/2 ben<\/li>\n<li>Palette de display<\/li>\n<li>Minots<\/li>\n<li>Sac de 5 litres, 7 litres<\/li>\n<\/ul>\n<\/div>\n<\/div>\n<\/div>\n<\/div>\n<\/div>\n<div class=\"row row-edge row-style-none  \" >\n<div class=\"col-md-12 col-xs-offset-0 col-sm-offset-0 col-md-offset-0 col-lg-offset-0 col-xs-pull-0 col-sm-pull-0 col-md-pull-0 col-lg-pull-0 col-xs-push-0 col-sm-push-0 col-md-push-0 col-lg-push-0\">\n<div class=\"cherry-spacer   hidden-xs hidden-sm\" style=\"height:40px;\"><\/div><div class=\"cherry-spacer   visible-sm-block\" style=\"height:20px;\"><\/div><div class=\"cherry-spacer   visible-xs-block\" style=\"height:20px;\"><\/div>\n<\/div>\n<\/div>\n<div class=\"row row-edge row-style-light  \" >\n<div class=\"col-md-12 col-xs-offset-0 col-sm-offset-0 col-md-offset-0 col-lg-offset-0 col-xs-pull-0 col-sm-pull-0 col-md-pull-0 col-lg-pull-0 col-xs-push-0 col-sm-push-0 col-md-push-0 col-lg-push-0\">\n<div class=\"row row-edge row-style-none  \" >\n<div class=\"col-md-12 col-xs-offset-0 col-sm-offset-0 col-md-offset-0 col-lg-offset-0 col-xs-pull-0 col-sm-pull-0 col-md-pull-0 col-lg-pull-0 col-xs-push-0 col-sm-push-0 col-md-push-0 col-lg-push-0\">\n<div class=\"motopress-code-obj motopress-margin-top-20\">\n<p><img loading=\"lazy\" decoding=\"async\" class=\"alignnone wp-image-1262 size-full\" src=\"http:\/\/www.vergerbois-francs.com\/verger\/wp-content\/uploads\/2023\/03\/Pomme-vrac.jpeg\" alt=\"\" width=\"3024\" height=\"4032\" srcset=\"https:\/\/www.vergerbois-francs.com\/verger\/wp-content\/uploads\/2023\/03\/Pomme-vrac.jpeg 3024w, https:\/\/www.vergerbois-francs.com\/verger\/wp-content\/uploads\/2023\/03\/Pomme-vrac-225x300.jpeg 225w, https:\/\/www.vergerbois-francs.com\/verger\/wp-content\/uploads\/2023\/03\/Pomme-vrac-768x1024.jpeg 768w\" sizes=\"(max-width: 3024px) 100vw, 3024px\" \/>Nous sommes ouvert \u00e0 d\u00e9velopper tout autre format \u00e0 la demande des clients.<\/p>\n<p>L&rsquo;entreprise est certifi\u00e9 Canada GAP pour la salubrit\u00e9 et la tra\u00e7abilit\u00e9 des pommes.<\/p>\n<p>Nous sommes \u00e9quip\u00e9s de frigidaire \u00e0 froid et chambre \u00e0 atmosph\u00e8re contr\u00f4l\u00e9e pour une meilleure conservation des pommes.<\/p>\n<\/div>\n<\/div>\n<\/div>\n<div class=\"row row-edge row-style-none  \" >\n<div class=\"col-md-12 col-xs-offset-0 col-sm-offset-0 col-md-offset-0 col-lg-offset-0 col-xs-pull-0 col-sm-pull-0 col-md-pull-0 col-lg-pull-0 col-xs-push-0 col-sm-push-0 col-md-push-0 col-lg-push-0\">\n<div class=\"cherry-spacer   hidden-xs hidden-sm\" style=\"height:40px;\"><\/div><div class=\"cherry-spacer   visible-sm-block\" style=\"height:20px;\"><\/div><div class=\"cherry-spacer   visible-xs-block\" style=\"height:20px;\"><\/div>\n<\/div>\n<\/div>\n<\/div>\n<\/div>\n<div class=\"row row-edge row-style-light  \" >\n<div class=\"col-md-12 col-xs-offset-0 col-sm-offset-0 col-md-offset-0 col-lg-offset-0 col-xs-pull-0 col-sm-pull-0 col-md-pull-0 col-lg-pull-0 col-xs-push-0 col-sm-push-0 col-md-push-0 col-lg-push-0\">\n<div class=\"row row-edge row-style-none  \" >\n<div class=\"col-md-12 col-xs-offset-0 col-sm-offset-0 col-md-offset-0 col-lg-offset-0 col-xs-pull-0 col-sm-pull-0 col-md-pull-0 col-lg-pull-0 col-xs-push-0 col-sm-push-0 col-md-push-0 col-lg-push-0\">\n<div class=\"motopress-code-obj motopress-margin-top-20\">\n<p><img loading=\"lazy\" decoding=\"async\" class=\"alignright wp-image-817 size-medium\" src=\"http:\/\/www.vergerbois-francs.com\/verger\/wp-content\/uploads\/2017\/02\/17-300x225.jpg\" alt=\"\" width=\"300\" height=\"225\" srcset=\"https:\/\/www.vergerbois-francs.com\/verger\/wp-content\/uploads\/2017\/02\/17-300x225.jpg 300w, https:\/\/www.vergerbois-francs.com\/verger\/wp-content\/uploads\/2017\/02\/17-768x576.jpg 768w, https:\/\/www.vergerbois-francs.com\/verger\/wp-content\/uploads\/2017\/02\/17.jpg 1024w\" sizes=\"(max-width: 300px) 100vw, 300px\" \/>Nous avons notre propre flotte de camion pour effectuer les livraisons de pommes dans les meilleurs d\u00e9lais possible.<\/p>\n<p>Qualit\u00e9 et Service sont nos plus grands objectifs qui nous tiennent \u00e0 coeur.<\/p>\n<p>N&rsquo;h\u00e9sitez pas \u00e0 nous contacter pour plus d&rsquo;informations. Il nous fera plaisir de vous r\u00e9pondre.<\/p>\n<\/div>\n<\/div>\n<\/div>\n<div class=\"row row-edge row-style-none  \" >\n<div class=\"col-md-12 col-xs-offset-0 col-sm-offset-0 col-md-offset-0 col-lg-offset-0 col-xs-pull-0 col-sm-pull-0 col-md-pull-0 col-lg-pull-0 col-xs-push-0 col-sm-push-0 col-md-push-0 col-lg-push-0\">\n<div class=\"cherry-spacer   hidden-xs hidden-sm\" style=\"height:40px;\"><\/div><div class=\"cherry-spacer   visible-sm-block\" style=\"height:20px;\"><\/div><div class=\"cherry-spacer   visible-xs-block\" style=\"height:20px;\"><\/div>\n<\/div>\n<\/div>\n<\/div>\n<\/div>\n","protected":false},"excerpt":{"rendered":"","protected":false},"author":1,"featured_media":0,"parent":0,"menu_order":0,"comment_status":"closed","ping_status":"closed","template":"","meta":{"footnotes":""},"_links":{"self":[{"href":"https:\/\/www.vergerbois-francs.com\/verger\/wp-json\/wp\/v2\/pages\/814"}],"collection":[{"href":"https:\/\/www.vergerbois-francs.com\/verger\/wp-json\/wp\/v2\/pages"}],"about":[{"href":"https:\/\/www.vergerbois-francs.com\/verger\/wp-json\/wp\/v2\/types\/page"}],"author":[{"embeddable":true,"href":"https:\/\/www.vergerbois-francs.com\/verger\/wp-json\/wp\/v2\/users\/1"}],"replies":[{"embeddable":true,"href":"https:\/\/www.vergerbois-francs.com\/verger\/wp-json\/wp\/v2\/comments?post=814"}],"version-history":[{"count":36,"href":"https:\/\/www.vergerbois-francs.com\/verger\/wp-json\/wp\/v2\/pages\/814\/revisions"}],"predecessor-version":[{"id":1287,"href":"https:\/\/www.vergerbois-francs.com\/verger\/wp-json\/wp\/v2\/pages\/814\/revisions\/1287"}],"wp:attachment":[{"href":"https:\/\/www.vergerbois-francs.com\/verger\/wp-json\/wp\/v2\/media?parent=814"}],"curies":[{"name":"wp","href":"https:\/\/api.w.org\/{rel}","templated":true}]}}