{"id":5,"date":"2015-05-25T09:53:27","date_gmt":"2015-05-25T09:53:27","guid":{"rendered":"http:\/\/http:\/\/www.vergerbois-francs.com\/verger\/?page_id=5"},"modified":"2022-02-28T11:31:35","modified_gmt":"2022-02-28T16:31:35","slug":"home","status":"publish","type":"page","link":"https:\/\/www.vergerbois-francs.com\/verger\/","title":{"rendered":"Accueil"},"content":{"rendered":"<div class=\"row bg-image text-center well-1 \" ><div class=\"cherry-box   box-328\"><div class=\"inner\"><div class=\"container-fluid\"><div class=\"row row-edge row-style-light\">\n<div class=\"col-md-12 col-xs-offset-0 col-sm-offset-0 col-md-offset-0 col-lg-offset-0 col-xs-pull-0 col-sm-pull-0 col-md-pull-0 col-lg-pull-0 col-xs-push-0 col-sm-push-0 col-md-push-0 col-lg-push-0\">\n<div class=\"row row-edge row-style-none  \" >\n<div class=\"col-xs-12 col-sm-12 col-md-12 col-lg-12\">\n<h2>NOS DIFF\u00c9RENTES VARI\u00c9T\u00c9S<\/h2>\n<\/div>\n<\/div>\n<div class=\"row row-edge row-style-none  \" >\n<div class=\"col-md-12 col-xs-offset-0 col-sm-offset-0 col-md-offset-0 col-lg-offset-0 col-xs-pull-0 col-sm-pull-0 col-md-pull-0 col-lg-pull-0 col-xs-push-0 col-sm-push-0 col-md-push-0 col-lg-push-0\">\n<div class=\"cherry-swiper-carousel-container\"><section id=\"cherry-swiper-carousel-1\" class=\"cherry-swiper-carousel swiper-container template-posts-1 \" data-post-per-page=\"14\" data-slides-per-view=\"3\" data-slides-per-group=\"1\" data-slides-per-column=\"1\" data-space-between-slides=\"63\" data-duration-speed=\"300\" data-swiper-loop=\"1\" data-free-mode=\"1\" data-grab-cursor=\"\" data-mouse-wheel=\"\" data-centered-slide=\"1\" data-swiper-effect=\"coverflow\" data-uniq-id=\"swiper-carousel-1\" data-swiper-autoplay=\"3000\" data-stop-autoplay-on-interaction=\"1\"><div class=\"swiper-wrapper\"><article class=\"cherry-swiper-carousel-slide swiper-slide post-item page-item item-0 odd\"><div class=\"inner clearfix\"><figure class=\"post-thumbnail\"><\/figure>\r\n<h3 class=\"post-title\"><a href=\"https:\/\/www.vergerbois-francs.com\/verger\/boutique-en-ligne\/\" title=\"Prot\u00e9g\u00e9\u00a0: Boutique en ligne\">Prot\u00e9g\u00e9\u00a0: Boutique en ligne<\/a><\/h3><\/div><\/article><!--\/.cherry-swiper-carousel-item--><article class=\"cherry-swiper-carousel-slide swiper-slide post-item page-item item-1 even\"><div class=\"inner clearfix\"><figure class=\"post-thumbnail\"><a href=\"https:\/\/www.vergerbois-francs.com\/verger\/pomme-blanche\/\" title=\"Pomme blanche\" class=\"post-thumbnail_link\"><img loading=\"lazy\" decoding=\"async\" class=\"wp-post-image croped-image \" data-ratio=\"0.50292397660819\" width=\"513\" height=\"258\" src=\"https:\/\/www.vergerbois-francs.com\/verger\/wp-content\/uploads\/2017\/02\/Fotolia_62175815_S-513x258.jpg\" alt=\"\"><\/a><\/figure>\r\n<h3 class=\"post-title\"><a href=\"https:\/\/www.vergerbois-francs.com\/verger\/pomme-blanche\/\" title=\"Pomme blanche\">Pomme blanche<\/a><\/h3><\/div><\/article><!--\/.cherry-swiper-carousel-item--><article class=\"cherry-swiper-carousel-slide swiper-slide post-item page-item item-2 odd\"><div class=\"inner clearfix\"><figure class=\"post-thumbnail\"><a href=\"https:\/\/www.vergerbois-francs.com\/verger\/melba\/\" title=\"Melba\" class=\"post-thumbnail_link\"><img loading=\"lazy\" decoding=\"async\" class=\"wp-post-image croped-image \" data-ratio=\"0.50292397660819\" width=\"513\" height=\"258\" src=\"https:\/\/www.vergerbois-francs.com\/verger\/wp-content\/uploads\/2017\/02\/Fotolia_55721270_S-513x258.jpg\" alt=\"\"><\/a><\/figure>\r\n<h3 class=\"post-title\"><a href=\"https:\/\/www.vergerbois-francs.com\/verger\/melba\/\" title=\"Melba\">Melba<\/a><\/h3><\/div><\/article><!--\/.cherry-swiper-carousel-item--><article class=\"cherry-swiper-carousel-slide swiper-slide post-item page-item item-3 even\"><div class=\"inner clearfix\"><figure class=\"post-thumbnail\"><a href=\"https:\/\/www.vergerbois-francs.com\/verger\/jersey-mac\/\" title=\"Jersey Mac\" class=\"post-thumbnail_link\"><img loading=\"lazy\" decoding=\"async\" class=\"wp-post-image croped-image \" data-ratio=\"0.50292397660819\" width=\"513\" height=\"258\" src=\"https:\/\/www.vergerbois-francs.com\/verger\/wp-content\/uploads\/2015\/05\/jerseymac_crop-513x258.jpg\" alt=\"\"><\/a><\/figure>\r\n<h3 class=\"post-title\"><a href=\"https:\/\/www.vergerbois-francs.com\/verger\/jersey-mac\/\" title=\"Jersey Mac\">Jersey Mac<\/a><\/h3><\/div><\/article><!--\/.cherry-swiper-carousel-item--><article class=\"cherry-swiper-carousel-slide swiper-slide post-item page-item item-4 odd\"><div class=\"inner clearfix\"><figure class=\"post-thumbnail\"><a href=\"https:\/\/www.vergerbois-francs.com\/verger\/sunrise\/\" title=\"Sunrise\" class=\"post-thumbnail_link\"><img loading=\"lazy\" decoding=\"async\" class=\"wp-post-image croped-image \" data-ratio=\"0.50292397660819\" width=\"513\" height=\"258\" src=\"https:\/\/www.vergerbois-francs.com\/verger\/wp-content\/uploads\/2017\/02\/sunrise_crop-513x258.jpg\" alt=\"\"><\/a><\/figure>\r\n<h3 class=\"post-title\"><a href=\"https:\/\/www.vergerbois-francs.com\/verger\/sunrise\/\" title=\"Sunrise\">Sunrise<\/a><\/h3><\/div><\/article><!--\/.cherry-swiper-carousel-item--><article class=\"cherry-swiper-carousel-slide swiper-slide post-item page-item item-5 even\"><div class=\"inner clearfix\"><figure class=\"post-thumbnail\"><a href=\"https:\/\/www.vergerbois-francs.com\/verger\/paulared\/\" title=\"Paulared\" class=\"post-thumbnail_link\"><img loading=\"lazy\" decoding=\"async\" class=\"wp-post-image croped-image \" data-ratio=\"0.50292397660819\" width=\"513\" height=\"258\" src=\"https:\/\/www.vergerbois-francs.com\/verger\/wp-content\/uploads\/2017\/02\/paulared_crop-513x258.jpg\" alt=\"\"><\/a><\/figure>\r\n<h3 class=\"post-title\"><a href=\"https:\/\/www.vergerbois-francs.com\/verger\/paulared\/\" title=\"Paulared\">Paulared<\/a><\/h3><\/div><\/article><!--\/.cherry-swiper-carousel-item--><article class=\"cherry-swiper-carousel-slide swiper-slide post-item page-item item-6 odd\"><div class=\"inner clearfix\"><figure class=\"post-thumbnail\"><a href=\"https:\/\/www.vergerbois-francs.com\/verger\/lobo\/\" title=\"Lobo\" class=\"post-thumbnail_link\"><img loading=\"lazy\" decoding=\"async\" class=\"wp-post-image croped-image \" data-ratio=\"0.50292397660819\" width=\"513\" height=\"258\" src=\"https:\/\/www.vergerbois-francs.com\/verger\/wp-content\/uploads\/2017\/02\/lobo_crop-513x258.jpg\" alt=\"\"><\/a><\/figure>\r\n<h3 class=\"post-title\"><a href=\"https:\/\/www.vergerbois-francs.com\/verger\/lobo\/\" title=\"Lobo\">Lobo<\/a><\/h3><\/div><\/article><!--\/.cherry-swiper-carousel-item--><article class=\"cherry-swiper-carousel-slide swiper-slide post-item page-item item-7 even\"><div class=\"inner clearfix\"><figure class=\"post-thumbnail\"><a href=\"https:\/\/www.vergerbois-francs.com\/verger\/mcintosh\/\" title=\"McIntosh\" class=\"post-thumbnail_link\"><img loading=\"lazy\" decoding=\"async\" class=\"wp-post-image croped-image \" data-ratio=\"0.50292397660819\" width=\"513\" height=\"258\" src=\"https:\/\/www.vergerbois-francs.com\/verger\/wp-content\/uploads\/2017\/02\/mcintosh_crop-513x258.jpg\" alt=\"\"><\/a><\/figure>\r\n<h3 class=\"post-title\"><a href=\"https:\/\/www.vergerbois-francs.com\/verger\/mcintosh\/\" title=\"McIntosh\">McIntosh<\/a><\/h3><\/div><\/article><!--\/.cherry-swiper-carousel-item--><article class=\"cherry-swiper-carousel-slide swiper-slide post-item page-item item-8 odd\"><div class=\"inner clearfix\"><figure class=\"post-thumbnail\"><a href=\"https:\/\/www.vergerbois-francs.com\/verger\/spartan\/\" title=\"Spartan\" class=\"post-thumbnail_link\"><img loading=\"lazy\" decoding=\"async\" class=\"wp-post-image croped-image \" data-ratio=\"0.50292397660819\" width=\"513\" height=\"258\" src=\"https:\/\/www.vergerbois-francs.com\/verger\/wp-content\/uploads\/2017\/02\/spartan_crop-513x258.jpg\" alt=\"\"><\/a><\/figure>\r\n<h3 class=\"post-title\"><a href=\"https:\/\/www.vergerbois-francs.com\/verger\/spartan\/\" title=\"Spartan\">Spartan<\/a><\/h3><\/div><\/article><!--\/.cherry-swiper-carousel-item--><article class=\"cherry-swiper-carousel-slide swiper-slide post-item page-item item-9 even\"><div class=\"inner clearfix\"><figure class=\"post-thumbnail\"><a href=\"https:\/\/www.vergerbois-francs.com\/verger\/royal-gala\/\" title=\"Royal Gala\" class=\"post-thumbnail_link\"><img loading=\"lazy\" decoding=\"async\" class=\"wp-post-image croped-image \" data-ratio=\"0.50292397660819\" width=\"513\" height=\"258\" src=\"https:\/\/www.vergerbois-francs.com\/verger\/wp-content\/uploads\/2017\/02\/royalgala_crop-513x258.jpg\" alt=\"\"><\/a><\/figure>\r\n<h3 class=\"post-title\"><a href=\"https:\/\/www.vergerbois-francs.com\/verger\/royal-gala\/\" title=\"Royal Gala\">Royal Gala<\/a><\/h3><\/div><\/article><!--\/.cherry-swiper-carousel-item--><article class=\"cherry-swiper-carousel-slide swiper-slide post-item page-item item-10 odd\"><div class=\"inner clearfix\"><figure class=\"post-thumbnail\"><a href=\"https:\/\/www.vergerbois-francs.com\/verger\/cortland\/\" title=\"Cortland\" class=\"post-thumbnail_link\"><img loading=\"lazy\" decoding=\"async\" class=\"wp-post-image croped-image \" data-ratio=\"0.50292397660819\" width=\"513\" height=\"258\" src=\"https:\/\/www.vergerbois-francs.com\/verger\/wp-content\/uploads\/2015\/05\/cortland_crop-513x258.jpg\" alt=\"\"><\/a><\/figure>\r\n<h3 class=\"post-title\"><a href=\"https:\/\/www.vergerbois-francs.com\/verger\/cortland\/\" title=\"Cortland\">Cortland<\/a><\/h3><\/div><\/article><!--\/.cherry-swiper-carousel-item--><article class=\"cherry-swiper-carousel-slide swiper-slide post-item page-item item-11 even\"><div class=\"inner clearfix\"><figure class=\"post-thumbnail\"><a href=\"https:\/\/www.vergerbois-francs.com\/verger\/honey-crisp\/\" title=\"Honey Crisp\" class=\"post-thumbnail_link\"><img loading=\"lazy\" decoding=\"async\" class=\"wp-post-image croped-image \" data-ratio=\"0.50292397660819\" width=\"513\" height=\"258\" src=\"https:\/\/www.vergerbois-francs.com\/verger\/wp-content\/uploads\/2015\/05\/honeycrisp_crop-513x258.jpg\" alt=\"\"><\/a><\/figure>\r\n<h3 class=\"post-title\"><a href=\"https:\/\/www.vergerbois-francs.com\/verger\/honey-crisp\/\" title=\"Honey Crisp\">Honey Crisp<\/a><\/h3><\/div><\/article><!--\/.cherry-swiper-carousel-item--><article class=\"cherry-swiper-carousel-slide swiper-slide post-item page-item item-12 odd\"><div class=\"inner clearfix\"><figure class=\"post-thumbnail\"><a href=\"https:\/\/www.vergerbois-francs.com\/verger\/empire\/\" title=\"Empire\" class=\"post-thumbnail_link\"><img loading=\"lazy\" decoding=\"async\" class=\"wp-post-image croped-image \" data-ratio=\"0.50292397660819\" width=\"513\" height=\"258\" src=\"https:\/\/www.vergerbois-francs.com\/verger\/wp-content\/uploads\/2015\/05\/empire_other_crop-513x258.jpg\" alt=\"\"><\/a><\/figure>\r\n<h3 class=\"post-title\"><a href=\"https:\/\/www.vergerbois-francs.com\/verger\/empire\/\" title=\"Empire\">Empire<\/a><\/h3><\/div><\/article><!--\/.cherry-swiper-carousel-item--><article class=\"cherry-swiper-carousel-slide swiper-slide post-item page-item item-13 even\"><div class=\"inner clearfix\"><figure class=\"post-thumbnail\"><a href=\"https:\/\/www.vergerbois-francs.com\/verger\/ambrosia\/\" title=\"Ambrosia\" class=\"post-thumbnail_link\"><img loading=\"lazy\" decoding=\"async\" class=\"wp-post-image croped-image \" data-ratio=\"0.50292397660819\" width=\"513\" height=\"258\" src=\"https:\/\/www.vergerbois-francs.com\/verger\/wp-content\/uploads\/2017\/02\/ambro-513x258.jpg\" alt=\"\"><\/a><\/figure>\r\n<h3 class=\"post-title\"><a href=\"https:\/\/www.vergerbois-francs.com\/verger\/ambrosia\/\" title=\"Ambrosia\">Ambrosia<\/a><\/h3><\/div><\/article><!--\/.cherry-swiper-carousel-item--><\/div><div id=\"swiper-carousel-1-pagination\" class=\"swiper-pagination\"><\/div><\/section><div id=\"swiper-carousel-1-next\" class=\"swiper-button-next \"><\/div><div id=\"swiper-carousel-1-prev\" class=\"swiper-button-prev \"><\/div><\/div>\n<\/div>\n<\/div>\n<\/div>\n<\/div><\/div><\/div><\/div><\/div>\n<div class=\"row bg-image well-1 inverse \" ><section class=\"parallax-box image-parallax-box \" style=\"min-height: 300px\"><div class=\"parallax-content\"><div class=\"container-fluid\"><div class=\"row row-edge row-style-light\">\n<div class=\"col-xs-12 col-sm-12 col-md-12 col-lg-12\">\n<div class=\"row row-edge row-style-none  \" >\n<div class=\"col-md-12 col-xs-offset-0 col-sm-offset-0 col-md-offset-0 col-lg-offset-0 col-xs-pull-0 col-sm-pull-0 col-md-pull-0 col-lg-pull-0 col-xs-push-0 col-sm-push-0 col-md-push-0 col-lg-push-0\">\n<div class=\"motopress-text-obj motopress-margin-bottom-25\">\n<h2 style=\"text-align: center;\"><span style=\"color: #ffffff;\">NOTRE HISTOIRE&#8230;<\/span><\/h2>\n<\/div>\n<\/div>\n<\/div>\n<div class=\"row row-edge row-style-none  \" >\n<div class=\"col-md-12 col-xs-offset-0 col-sm-offset-0 col-md-offset-0 col-lg-offset-0 col-xs-pull-0 col-sm-pull-0 col-md-pull-0 col-lg-pull-0 col-xs-push-0 col-sm-push-0 col-md-push-0 col-lg-push-0\">\n<div class=\"cherry-services service-list boxed-layout\"><div class=\"row\"><div class=\"services-listing\"><div id=\"services-995\" class=\"cherry-services_item item-1 clearfix odd col-xs-12 clear-col-xs col-sm-12 clear-col-sm col-md-3 clear-col-md col-lg-3 clear-col-lg\"><figure class=\"cherry-services_thumb\"><a href=\"https:\/\/www.vergerbois-francs.com\/verger\/service-view\/1942\/\"><img loading=\"lazy\" decoding=\"async\" width=\"120\" height=\"120\" src=\"https:\/\/www.vergerbois-francs.com\/verger\/wp-content\/uploads\/2015\/05\/icone1.png\" class=\"attachment-thumbnail size-thumbnail wp-post-image\" alt=\"1942\" \/><\/a><\/figure>\n<h3 class=\"cherry-services_title\"><a href=\"https:\/\/www.vergerbois-francs.com\/verger\/service-view\/1942\/\">1942<\/a><\/h3>\n<div class=\"cherry-services_excerpt\">C\u2019est au d\u00e9but des ann\u00e9es 1940 que l\u2019aventure des pommes a commenc\u00e9 dans la famille Brie, alors que l\u2019arri\u00e8re-grand-p\u00e8re, Rosaire,<\/div>\n<a href=\"https:\/\/www.vergerbois-francs.com\/verger\/service-view\/1942\/\" class=\"cherry-btn cherry-btn-primary\">Lire la suite<\/a><\/div><!--\/.services-item--><div id=\"services-996\" class=\"cherry-services_item item-2 clearfix even col-xs-12 clear-col-xs col-sm-12 clear-col-sm col-md-3 col-lg-3\"><figure class=\"cherry-services_thumb\"><a href=\"https:\/\/www.vergerbois-francs.com\/verger\/service-view\/1969\/\"><img loading=\"lazy\" decoding=\"async\" width=\"120\" height=\"120\" src=\"https:\/\/www.vergerbois-francs.com\/verger\/wp-content\/uploads\/2015\/05\/icone2.png\" class=\"attachment-thumbnail size-thumbnail wp-post-image\" alt=\"1969\" \/><\/a><\/figure>\n<h3 class=\"cherry-services_title\"><a href=\"https:\/\/www.vergerbois-francs.com\/verger\/service-view\/1969\/\">1969<\/a><\/h3>\n<div class=\"cherry-services_excerpt\">1969 : Pierre Brie et sa femme Ghislaine Lambert ont pris la rel\u00e8ve de la ferme familiale. 1972 : L\u2019entreprise<\/div>\n<a href=\"https:\/\/www.vergerbois-francs.com\/verger\/service-view\/1969\/\" class=\"cherry-btn cherry-btn-primary\">Lire la suite<\/a><\/div><!--\/.services-item--><div id=\"services-997\" class=\"cherry-services_item item-3 clearfix odd col-xs-12 clear-col-xs col-sm-12 clear-col-sm col-md-3 col-lg-3\"><figure class=\"cherry-services_thumb\"><a href=\"https:\/\/www.vergerbois-francs.com\/verger\/service-view\/1997\/\"><img loading=\"lazy\" decoding=\"async\" width=\"120\" height=\"120\" src=\"https:\/\/www.vergerbois-francs.com\/verger\/wp-content\/uploads\/2015\/05\/icone3.png\" class=\"attachment-thumbnail size-thumbnail wp-post-image\" alt=\"1997\" \/><\/a><\/figure>\n<h3 class=\"cherry-services_title\"><a href=\"https:\/\/www.vergerbois-francs.com\/verger\/service-view\/1997\/\">1997<\/a><\/h3>\n<div class=\"cherry-services_excerpt\">En 1997, Martin Brie est devenu copropri\u00e9taire du Verger des Bois-Francs, qui comprend un site \u00e0 Princeville ainsi qu\u2019un autre<\/div>\n<a href=\"https:\/\/www.vergerbois-francs.com\/verger\/service-view\/1997\/\" class=\"cherry-btn cherry-btn-primary\">Lire la suite<\/a><\/div><!--\/.services-item--><div id=\"services-998\" class=\"cherry-services_item item-4 clearfix even col-xs-12 clear-col-xs col-sm-12 clear-col-sm col-md-3 col-lg-3\"><figure class=\"cherry-services_thumb\"><a href=\"https:\/\/www.vergerbois-francs.com\/verger\/service-view\/aujourdhui\/\"><img loading=\"lazy\" decoding=\"async\" width=\"120\" height=\"120\" src=\"https:\/\/www.vergerbois-francs.com\/verger\/wp-content\/uploads\/2015\/05\/icone4.png\" class=\"attachment-thumbnail size-thumbnail wp-post-image\" alt=\"Aujourd&rsquo;hui\" \/><\/a><\/figure>\n<h3 class=\"cherry-services_title\"><a href=\"https:\/\/www.vergerbois-francs.com\/verger\/service-view\/aujourdhui\/\">Aujourd&rsquo;hui<\/a><\/h3>\n<div class=\"cherry-services_excerpt\">La rel\u00e8ve prend place peu \u00e0 peu au c\u0153ur de l\u2019entreprise. Les enfants des propri\u00e9taires; Samantha, Maxime et Mathieu s\u2019impliquent<\/div>\n<a href=\"https:\/\/www.vergerbois-francs.com\/verger\/service-view\/aujourdhui\/\" class=\"cherry-btn cherry-btn-primary\">Lire la suite<\/a><\/div><!--\/.services-item--><\/div><\/div><\/div>\n<\/div>\n<\/div>\n<div class=\"row row-edge row-style-none  \" >\n<div class=\"col-md-12 col-xs-offset-0 col-sm-offset-0 col-md-offset-0 col-lg-offset-0 col-xs-pull-0 col-sm-pull-0 col-md-pull-0 col-lg-pull-0 col-xs-push-0 col-sm-push-0 col-md-push-0 col-lg-push-0\">\n<div class=\"cherry-spacer   hidden-xs hidden-sm\" style=\"height:20px;\"><\/div><div class=\"cherry-spacer   visible-sm-block\" style=\"height:20px;\"><\/div><div class=\"cherry-spacer   visible-xs-block\" style=\"height:20px;\"><\/div>\n<\/div>\n<\/div>\n<div class=\"row  \" ><div class=\"container\"><div class=\"row row-edge row-style-light\">\n<\/div><\/div><\/div>\n<\/div>\n<\/div><\/div><div class=\"clear\"><\/div><\/div><div class=\"parallax-bg\" data-parallax-type=\"image\" data-img-url=\"http:\/\/www.vergerbois-francs.com\/verger\/wp-content\/uploads\/2017\/02\/bgparallax-1.jpg\" data-speed=\"1.5\" data-invert=\"\" ><\/div><\/section><\/div>\n<div class=\"row row-edge row-style-none  \" >\n<div class=\"col-md-12 col-xs-offset-0 col-sm-offset-0 col-md-offset-0 col-lg-offset-0 col-xs-pull-0 col-sm-pull-0 col-md-pull-0 col-lg-pull-0 col-xs-push-0 col-sm-push-0 col-md-push-0 col-lg-push-0\">\n<div class=\"motopress-embed-obj fill-space\"><iframe loading=\"lazy\" src=\"https:\/\/www.google.com\/maps\/d\/embed?mid=164DySda7GiRr9QhuYbCA6B01mb8\" width=\"640\" height=\"480\"><\/iframe><\/div>\n<\/div>\n<\/div>\n","protected":false},"excerpt":{"rendered":"","protected":false},"author":1,"featured_media":0,"parent":0,"menu_order":0,"comment_status":"open","ping_status":"closed","template":"","meta":{"footnotes":""},"_links":{"self":[{"href":"https:\/\/www.vergerbois-francs.com\/verger\/wp-json\/wp\/v2\/pages\/5"}],"collection":[{"href":"https:\/\/www.vergerbois-francs.com\/verger\/wp-json\/wp\/v2\/pages"}],"about":[{"href":"https:\/\/www.vergerbois-francs.com\/verger\/wp-json\/wp\/v2\/types\/page"}],"author":[{"embeddable":true,"href":"https:\/\/www.vergerbois-francs.com\/verger\/wp-json\/wp\/v2\/users\/1"}],"replies":[{"embeddable":true,"href":"https:\/\/www.vergerbois-francs.com\/verger\/wp-json\/wp\/v2\/comments?post=5"}],"version-history":[{"count":27,"href":"https:\/\/www.vergerbois-francs.com\/verger\/wp-json\/wp\/v2\/pages\/5\/revisions"}],"predecessor-version":[{"id":1235,"href":"https:\/\/www.vergerbois-francs.com\/verger\/wp-json\/wp\/v2\/pages\/5\/revisions\/1235"}],"wp:attachment":[{"href":"https:\/\/www.vergerbois-francs.com\/verger\/wp-json\/wp\/v2\/media?parent=5"}],"curies":[{"name":"wp","href":"https:\/\/api.w.org\/{rel}","templated":true}]}}