{"id":827,"date":"2017-02-15T14:31:39","date_gmt":"2017-02-15T14:31:39","guid":{"rendered":"http:\/\/www.vergerbois-francs.com\/verger\/?page_id=827"},"modified":"2025-07-16T21:21:07","modified_gmt":"2025-07-17T02:21:07","slug":"kiosque","status":"publish","type":"page","link":"http:\/\/www.vergerbois-francs.com\/verger\/kiosque\/","title":{"rendered":"Kiosque"},"content":{"rendered":"<div class=\"row row-edge row-style-none  \" >\n<div class=\"col-md-12 col-xs-offset-0 col-sm-offset-0 col-md-offset-0 col-lg-offset-0 col-xs-pull-0 col-sm-pull-0 col-md-pull-0 col-lg-pull-0 col-xs-push-0 col-sm-push-0 col-md-push-0 col-lg-push-0\">\n<div class=\"row row-edge row-style-none  \" >\n<div class=\"col-md-12 col-xs-offset-0 col-sm-offset-0 col-md-offset-0 col-lg-offset-0 col-xs-pull-0 col-sm-pull-0 col-md-pull-0 col-lg-pull-0 col-xs-push-0 col-sm-push-0 col-md-push-0 col-lg-push-0\">\n<div class=\"cherry-spacer   hidden-xs hidden-sm\" style=\"height:20px;\"><\/div><div class=\"cherry-spacer   visible-sm-block\" style=\"height:20px;\"><\/div><div class=\"cherry-spacer   visible-xs-block\" style=\"height:20px;\"><\/div>\n<\/div>\n<\/div>\n<div class=\"row row-edge row-style-none  \" >\n<div class=\"col-md-12 col-xs-offset-0 col-sm-offset-0 col-md-offset-0 col-lg-offset-0 col-xs-pull-0 col-sm-pull-0 col-md-pull-0 col-lg-pull-0 col-xs-push-0 col-sm-push-0 col-md-push-0 col-lg-push-0\">\n<div class=\"motopress-text-obj\">\n<h4>Nos produits<\/h4>\n<\/div>\n<\/div>\n<\/div>\n<div class=\"row row-edge row-style-none  \" >\n<div class=\"col-md-12 col-xs-offset-0 col-sm-offset-0 col-md-offset-0 col-lg-offset-0 col-xs-pull-0 col-sm-pull-0 col-md-pull-0 col-lg-pull-0 col-xs-push-0 col-sm-push-0 col-md-push-0 col-lg-push-0\">\n<div class=\"motopress-text-obj\">\n<p>Au kiosque \u00e0 Princeville nous offrons plusieurs produits d\u00e9riv\u00e9s de la pomme dont la compote de pommes, le vinaigre de cidre, la gel\u00e9e, le beurre de pommes, le sirop de pommes, le caramel et la fleur de sel.<\/p>\n<\/div>\n<\/div>\n<\/div>\n<div class=\"row row-edge row-style-none  \" >\n<div class=\"col-md-12 col-xs-offset-0 col-sm-offset-0 col-md-offset-0 col-lg-offset-0 col-xs-pull-0 col-sm-pull-0 col-md-pull-0 col-lg-pull-0 col-xs-push-0 col-sm-push-0 col-md-push-0 col-lg-push-0\">\n<div class=\"motopress-grid-gallery-obj motopress-grid-gallery-obj-basic motopress-grid-gallery-need-recalc\" id=\"6a0794488bb35\">\n<div class=\"mp-row-fluid\">\n<div class=\"mp-span4\"><a href=\"http:\/\/www.vergerbois-francs.com\/verger\/wp-content\/uploads\/2017\/02\/Photo-kiosque-1.jpg\" data-action=\"motopressGalleryLightbox\" target=\"_self\" title=\"Photo kiosque #1\"><img decoding=\"async\" src=\"http:\/\/www.vergerbois-francs.com\/verger\/wp-content\/uploads\/2017\/02\/Photo-kiosque-1-300x200.jpg\" title=\"Photo kiosque #1\" alt=\"Photo kiosque #1\" \/><\/a><\/div>\n<div class=\"mp-span4\"><a href=\"http:\/\/www.vergerbois-francs.com\/verger\/wp-content\/uploads\/2017\/02\/Photo-kiosque-2.jpg\" data-action=\"motopressGalleryLightbox\" target=\"_self\" title=\"Photo kiosque #2\"><img decoding=\"async\" src=\"http:\/\/www.vergerbois-francs.com\/verger\/wp-content\/uploads\/2017\/02\/Photo-kiosque-2-300x228.jpg\" title=\"Photo kiosque #2\" alt=\"Photo kiosque #2\" \/><\/a><\/div>\n<div class=\"mp-span4\"><a href=\"http:\/\/www.vergerbois-francs.com\/verger\/wp-content\/uploads\/2017\/02\/Photo-kiosque-3.jpg\" data-action=\"motopressGalleryLightbox\" target=\"_self\" title=\"Photo kiosque #3\"><img decoding=\"async\" src=\"http:\/\/www.vergerbois-francs.com\/verger\/wp-content\/uploads\/2017\/02\/Photo-kiosque-3-300x217.jpg\" title=\"Photo kiosque #3\" alt=\"Photo kiosque #3\" \/><\/a><\/div>\n<\/div>\n<div class=\"mp-row-fluid\">\n<div class=\"mp-span4\"><a href=\"http:\/\/www.vergerbois-francs.com\/verger\/wp-content\/uploads\/2017\/02\/Photo-kiosque-4.png\" data-action=\"motopressGalleryLightbox\" target=\"_self\" title=\"Photo kiosque #4\"><img decoding=\"async\" src=\"http:\/\/www.vergerbois-francs.com\/verger\/wp-content\/uploads\/2017\/02\/Photo-kiosque-4-300x198.png\" title=\"Photo kiosque #4\" alt=\"Photo kiosque #4\" \/><\/a><\/div>\n<div class=\"mp-span4\"><a href=\"http:\/\/www.vergerbois-francs.com\/verger\/wp-content\/uploads\/2017\/02\/Photo-kiosque-5.jpg\" data-action=\"motopressGalleryLightbox\" target=\"_self\" title=\"Photo kiosque #5\"><img decoding=\"async\" src=\"http:\/\/www.vergerbois-francs.com\/verger\/wp-content\/uploads\/2017\/02\/Photo-kiosque-5-300x181.jpg\" title=\"Photo kiosque #5\" alt=\"Photo kiosque #5\" \/><\/a><\/div>\n<div class=\"mp-span4\"><a href=\"http:\/\/www.vergerbois-francs.com\/verger\/wp-content\/uploads\/2017\/02\/Fotolia_111078309_S.jpg\" data-action=\"motopressGalleryLightbox\" target=\"_self\" title=\"Fotolia_111078309_S\"><img decoding=\"async\" src=\"http:\/\/www.vergerbois-francs.com\/verger\/wp-content\/uploads\/2017\/02\/Fotolia_111078309_S-300x200.jpg\" title=\"Fotolia_111078309_S\" alt=\"Fotolia_111078309_S\" \/><\/a><\/div>\n<\/div>\n<p class=\"motopress-hide-script\"><script>jQuery(function(){\n                mpRecalcGridGalleryMargins(jQuery('#6a0794488bb35'));\n            });<\/script><\/p>\n<\/div>\n<\/div>\n<\/div>\n<div class=\"row row-edge row-style-none  \" >\n<div class=\"col-md-12 col-xs-offset-0 col-sm-offset-0 col-md-offset-0 col-lg-offset-0 col-xs-pull-0 col-sm-pull-0 col-md-pull-0 col-lg-pull-0 col-xs-push-0 col-sm-push-0 col-md-push-0 col-lg-push-0\">\n<div class=\"cherry-spacer   hidden-xs hidden-sm\" style=\"height:20px;\"><\/div><div class=\"cherry-spacer   visible-sm-block\" style=\"height:20px;\"><\/div><div class=\"cherry-spacer   visible-xs-block\" style=\"height:20px;\"><\/div>\n<\/div>\n<\/div>\n<div class=\"row row-edge row-style-none  \" >\n<div class=\"col-md-12 col-xs-offset-0 col-sm-offset-0 col-md-offset-0 col-lg-offset-0 col-xs-pull-0 col-sm-pull-0 col-md-pull-0 col-lg-pull-0 col-xs-push-0 col-sm-push-0 col-md-push-0 col-lg-push-0\">\n<div class=\"motopress-text-obj\">\n<h4>Date de maturit\u00e9 des pommes<\/h4>\n<\/div>\n<\/div>\n<\/div>\n<div class=\"row row-edge row-style-none  \" >\n<div class=\"col-md-12 col-xs-offset-0 col-sm-offset-0 col-md-offset-0 col-lg-offset-0 col-xs-pull-0 col-sm-pull-0 col-md-pull-0 col-lg-pull-0 col-xs-push-0 col-sm-push-0 col-md-push-0 col-lg-push-0\">\n<div class=\"motopress-table-obj\">\n<table class=\"motopress-table motopress-table-style-silver motopress-table-first-col-left mpce-dsbl-padding-left mpce-dsbl-padding-right mpce-dsbl-margin-top mpce-dsbl-margin-bottom\">\n<thead>\n<tr>\n<th>Vari\u00e9t\u00e9<\/th>\n<th>Date de maturit\u00e9<\/th>\n<\/tr>\n<\/thead>\n<tbody>\n<tr>\n<td>Pomme blanche<\/td>\n<td>29 juillet<\/td>\n<\/tr>\n<tr class=\"odd-row\">\n<td>Melba<\/td>\n<td>15 ao\u00fbt<\/td>\n<\/tr>\n<tr>\n<td>Jersey Mac<\/td>\n<td>18 ao\u00fbt<\/td>\n<\/tr>\n<tr class=\"odd-row\">\n<td>Prune<\/td>\n<td>20 ao\u00fbt<\/td>\n<\/tr>\n<tr>\n<td>Sunrise<\/td>\n<td>20 ao\u00fbt<\/td>\n<\/tr>\n<tr class=\"odd-row\">\n<td>Paulared<\/td>\n<td>20 ao\u00fbt<\/td>\n<\/tr>\n<tr>\n<td>GingerGold<\/td>\n<td>3 septembre<\/td>\n<\/tr>\n<tr class=\"odd-row\">\n<td>Lobo<\/td>\n<td>8 septembre<\/td>\n<\/tr>\n<tr>\n<td>Mc Intosh<\/td>\n<td>15 septembre<\/td>\n<\/tr>\n<tr class=\"odd-row\">\n<td>Poire<\/td>\n<td>20 septembre<\/td>\n<\/tr>\n<tr>\n<td>Spartan<\/td>\n<td>22 septembre<\/td>\n<\/tr>\n<tr class=\"odd-row\">\n<td>Honey Crisp<\/td>\n<td>22 septembre<\/td>\n<\/tr>\n<tr>\n<td>Royal Gala<\/td>\n<td>22 septembre<\/td>\n<\/tr>\n<tr class=\"odd-row\">\n<td>Cortland<\/td>\n<td>29 septembre<\/td>\n<\/tr>\n<tr>\n<td>Pommette<\/td>\n<td>29 septembre<\/td>\n<\/tr>\n<tr class=\"odd-row\">\n<td>Empire<\/td>\n<td>6 octobre<\/td>\n<\/tr>\n<tr>\n<td>Ambrosia<\/td>\n<td>15 octobre<\/td>\n<\/tr>\n<tr class=\"odd-row\">\n<td>Rouge D\u00e9licieuse<\/td>\n<td>15 octobre<\/td>\n<\/tr>\n<\/tbody>\n<\/table>\n<\/div>\n<\/div>\n<\/div>\n<div class=\"row row-edge row-style-none  \" >\n<div class=\"col-md-12 col-xs-offset-0 col-sm-offset-0 col-md-offset-0 col-lg-offset-0 col-xs-pull-0 col-sm-pull-0 col-md-pull-0 col-lg-pull-0 col-xs-push-0 col-sm-push-0 col-md-push-0 col-lg-push-0\">\n<div class=\"motopress-text-obj\">\n<p>* Les pommes seront disponibles approximativement \u00e0 ces dates.<\/p>\n<\/div>\n<\/div>\n<\/div>\n<div class=\"row row-edge row-style-none  \" >\n<div class=\"col-md-12 col-xs-offset-0 col-sm-offset-0 col-md-offset-0 col-lg-offset-0 col-xs-pull-0 col-sm-pull-0 col-md-pull-0 col-lg-pull-0 col-xs-push-0 col-sm-push-0 col-md-push-0 col-lg-push-0\">\n<div class=\"motopress-text-obj\">\n<h4>Heures d\u2019ouvertures<\/h4>\n<\/div>\n<\/div>\n<\/div>\n<div class=\"row row-edge row-style-none  \" >\n<div class=\"col-md-12 col-xs-offset-0 col-sm-offset-0 col-md-offset-0 col-lg-offset-0 col-xs-pull-0 col-sm-pull-0 col-md-pull-0 col-lg-pull-0 col-xs-push-0 col-sm-push-0 col-md-push-0 col-lg-push-0\">\n<div class=\"motopress-text-obj\">\n<h3 style=\"text-align: left;\">7 jours, 5 soirs toute l\u2019ann\u00e9e !<\/h3>\n<\/div>\n<\/div>\n<\/div>\n<div class=\"row row-edge row-style-none  \" >\n<div class=\"col-md-12 col-xs-offset-0 col-sm-offset-0 col-md-offset-0 col-lg-offset-0 col-xs-pull-0 col-sm-pull-0 col-md-pull-0 col-lg-pull-0 col-xs-push-0 col-sm-push-0 col-md-push-0 col-lg-push-0\">\n<div class=\"motopress-table-obj\">\n<table class=\"motopress-table motopress-table-style-silver motopress-table-first-col-left mpce-dsbl-padding-left mpce-dsbl-padding-right mpce-dsbl-margin-top mpce-dsbl-margin-bottom\">\n<thead>\n<tr>\n<th>Jours<\/th>\n<th>Heures d&rsquo;ouvertures<\/th>\n<\/tr>\n<\/thead>\n<tbody>\n<tr>\n<td>Lundi<\/td>\n<td>8h \u00e0 19h30<\/td>\n<\/tr>\n<tr class=\"odd-row\">\n<td>Mardi<\/td>\n<td>8h \u00e0 19h30<\/td>\n<\/tr>\n<tr>\n<td>Mercredi<\/td>\n<td>8h \u00e0 19h30<\/td>\n<\/tr>\n<tr class=\"odd-row\">\n<td>Jeudi<\/td>\n<td>8h \u00e0 20h00<\/td>\n<\/tr>\n<tr>\n<td>Vendredi<\/td>\n<td>8h \u00e0 20h00<\/td>\n<\/tr>\n<tr class=\"odd-row\">\n<td>Samedi<\/td>\n<td>8h \u00e0 18h<\/td>\n<\/tr>\n<tr>\n<td>Dimanche<\/td>\n<td>8h \u00e0 18h<\/td>\n<\/tr>\n<\/tbody>\n<\/table>\n<\/div>\n<\/div>\n<\/div>\n<div class=\"row row-edge row-style-none  \" >\n<div class=\"col-md-12 col-xs-offset-0 col-sm-offset-0 col-md-offset-0 col-lg-offset-0 col-xs-pull-0 col-sm-pull-0 col-md-pull-0 col-lg-pull-0 col-xs-push-0 col-sm-push-0 col-md-push-0 col-lg-push-0\">\n<div class=\"cherry-spacer   hidden-xs hidden-sm\" style=\"height:20px;\"><\/div><div class=\"cherry-spacer   visible-sm-block\" style=\"height:20px;\"><\/div><div class=\"cherry-spacer   visible-xs-block\" style=\"height:20px;\"><\/div>\n<\/div>\n<\/div>\n<\/div>\n<\/div>\n<div class=\"row row-edge row-style-none  \" >\n<div class=\"col-md-12 col-xs-offset-0 col-sm-offset-0 col-md-offset-0 col-lg-offset-0 col-xs-pull-0 col-sm-pull-0 col-md-pull-0 col-lg-pull-0 col-xs-push-0 col-sm-push-0 col-md-push-0 col-lg-push-0\">\n<div class=\"motopress-embed-obj fill-space\"><iframe loading=\"lazy\" src=\"https:\/\/www.google.com\/maps\/embed?pb=!1m18!1m12!1m3!1d101868.14950979369!2d-71.89853411192873!3d46.19354127236331!2m3!1f0!2f0!3f0!3m2!1i1024!2i768!4f13.1!3m3!1m2!1s0x4cb80ee85a1bd673%3A0x9cef17084467372d!2sVerger+des+Bois-Francs!5e1!3m2!1sfr!2sca!4v1487172851596\" width=\"600\" height=\"300\" frameborder=\"0\" style=\"border:0\" allowfullscreen><\/iframe><\/div>\n<\/div>\n<\/div>\n","protected":false},"excerpt":{"rendered":"","protected":false},"author":1,"featured_media":0,"parent":0,"menu_order":0,"comment_status":"closed","ping_status":"closed","template":"","meta":{"footnotes":""},"_links":{"self":[{"href":"http:\/\/www.vergerbois-francs.com\/verger\/wp-json\/wp\/v2\/pages\/827"}],"collection":[{"href":"http:\/\/www.vergerbois-francs.com\/verger\/wp-json\/wp\/v2\/pages"}],"about":[{"href":"http:\/\/www.vergerbois-francs.com\/verger\/wp-json\/wp\/v2\/types\/page"}],"author":[{"embeddable":true,"href":"http:\/\/www.vergerbois-francs.com\/verger\/wp-json\/wp\/v2\/users\/1"}],"replies":[{"embeddable":true,"href":"http:\/\/www.vergerbois-francs.com\/verger\/wp-json\/wp\/v2\/comments?post=827"}],"version-history":[{"count":31,"href":"http:\/\/www.vergerbois-francs.com\/verger\/wp-json\/wp\/v2\/pages\/827\/revisions"}],"predecessor-version":[{"id":1329,"href":"http:\/\/www.vergerbois-francs.com\/verger\/wp-json\/wp\/v2\/pages\/827\/revisions\/1329"}],"wp:attachment":[{"href":"http:\/\/www.vergerbois-francs.com\/verger\/wp-json\/wp\/v2\/media?parent=827"}],"curies":[{"name":"wp","href":"https:\/\/api.w.org\/{rel}","templated":true}]}}